{"id":4710,"date":"2024-02-16T08:34:37","date_gmt":"2024-02-16T07:34:37","guid":{"rendered":"https:\/\/www.onetravelphone.com\/?post_type=product&#038;p=4710"},"modified":"2024-02-22T17:38:52","modified_gmt":"2024-02-22T16:38:52","slug":"t-mobile","status":"publish","type":"product","link":"https:\/\/www.onetravelphone.com\/en\/product\/t-mobile\/","title":{"rendered":"eSim USA  Flex Telefon\u00eda y datos ilimitados"},"content":{"rendered":"<h3>\u00a1Telefon\u00eda y datos ILIMITADOS en USA!<\/h3>\n<h4>Velocidad y Conexi\u00f3n sin Igual<\/h4>\n<p>Descubre la libertad de navegar sin restricciones con la eSim USA Flex. Con opciones de 10, 20 y 30 d\u00edas\u00a0 de datos y llamadas\u00a0 ilimitados, nunca te quedar\u00e1s desconectado. Ya sea que est\u00e9s transmitiendo tus programas favoritos, trabajando sobre la marcha o manteni\u00e9ndote al d\u00eda en las redes sociales, esta esim te ofrece la velocidad y la estabilidad que necesitas.<\/p>\n<ul>\n<li>Experimenta una conexi\u00f3n fluida y r\u00e1pida en cualquier lugar de USA.<\/li>\n<li>Disfruta de la conveniencia de una esim recargable con diferentes opciones de datos.<\/li>\n<li>Olv\u00eddate de las preocupaciones por los l\u00edmites de datos, \u00a1solo navega y disfruta!<\/li>\n<\/ul>\n<h4>Versatilidad y Control Personalizado<\/h4>\n<p>Adapta tu experiencia digital a tu estilo de vida con la flexibilidad que te ofrece la\u00a0 eSim USA Flex. Con tres opciones diferentes de datos, tienes el control total sobre tu plan y tus gastos. \u00bfNecesitas m\u00e1s d\u00edas? \u00a1No hay problema! Con eSim USA Flex, la elecci\u00f3n est\u00e1 en tus manos.<\/p>\n<ul>\n<li>Personaliza tu plan seg\u00fan tus necesidades y presupuesto.<\/li>\n<li>Disfruta de la tranquilidad de tener un plan que se adapta a ti, no al rev\u00e9s.<\/li>\n<\/ul>\n<h4>Libertad para Explorar Sin Barreras<\/h4>\n<p>Desata tu potencial digital y explora sin l\u00edmites con la eSim USA Flex. Ya sea que est\u00e9s viajando, trabajando o simplemente relaj\u00e1ndote en casa, esta esim te brinda la libertad de estar siempre conectado. No te pierdas ni un momento importante y aprovecha al m\u00e1ximo cada experiencia digital con la confianza de una conexi\u00f3n confiable y de alta velocidad.<\/p>\n<ul>\n<li>Lib\u00e9rate de las restricciones y explora el mundo digital a tu manera.<\/li>\n<li>Mantente conectado sin importar d\u00f3nde te lleve la vida dentro de USA.<\/li>\n<li>Vive cada momento sin preocupaciones, sabiendo que tu conexi\u00f3n est\u00e1 respaldada por la red confiable de <strong>ONE TRAVEL PHONE<\/strong>.<\/li>\n<\/ul>","protected":false},"excerpt":{"rendered":"<p>Telefon\u00eda y datos <strong>ilimitados<\/strong><\/p>","protected":false},"featured_media":4737,"comment_status":"open","ping_status":"closed","template":"","meta":{"_joinchat":[],"jetpack_publicize_message":"","jetpack_publicize_feature_enabled":true,"jetpack_social_post_already_shared":false,"jetpack_social_options":{"image_generator_settings":{"template":"highway","enabled":false}}},"product_cat":[33],"product_tag":[],"jetpack_publicize_connections":[],"jetpack_sharing_enabled":true,"_links":{"self":[{"href":"https:\/\/www.onetravelphone.com\/en\/wp-json\/wp\/v2\/product\/4710"}],"collection":[{"href":"https:\/\/www.onetravelphone.com\/en\/wp-json\/wp\/v2\/product"}],"about":[{"href":"https:\/\/www.onetravelphone.com\/en\/wp-json\/wp\/v2\/types\/product"}],"replies":[{"embeddable":true,"href":"https:\/\/www.onetravelphone.com\/en\/wp-json\/wp\/v2\/comments?post=4710"}],"wp:featuredmedia":[{"embeddable":true,"href":"https:\/\/www.onetravelphone.com\/en\/wp-json\/wp\/v2\/media\/4737"}],"wp:attachment":[{"href":"https:\/\/www.onetravelphone.com\/en\/wp-json\/wp\/v2\/media?parent=4710"}],"wp:term":[{"taxonomy":"product_cat","embeddable":true,"href":"https:\/\/www.onetravelphone.com\/en\/wp-json\/wp\/v2\/product_cat?post=4710"},{"taxonomy":"product_tag","embeddable":true,"href":"https:\/\/www.onetravelphone.com\/en\/wp-json\/wp\/v2\/product_tag?post=4710"}],"curies":[{"name":"wp","href":"https:\/\/api.w.org\/{rel}","templated":true}]}}