{"id":4493,"date":"2023-08-16T19:39:39","date_gmt":"2023-08-16T17:39:39","guid":{"rendered":"https:\/\/www.onetravelphone.com\/?post_type=product&#038;p=4493"},"modified":"2024-01-18T14:51:55","modified_gmt":"2024-01-18T13:51:55","slug":"global-international-cobertura-en-de-190-paises-4g-5g-internet-watsapp-ilimitado","status":"publish","type":"product","link":"https:\/\/www.onetravelphone.com\/en\/product\/global-international-cobertura-en-de-190-paises-4g-5g-internet-watsapp-ilimitado\/","title":{"rendered":"GLOBAL INTERNATIONAL Cobertura en + de 190 Pa\u00edses 4G\/5G Internet + Whatsapp Ilimitado"},"content":{"rendered":"<p>Our eSIM is the ultimate solution to stay connected on five continents with a fixed rate and unlimited data. <br>\nBuy as many days as you need and go around the world without\u00a0any\u00a0worries.<\/p>\n<p>COVERAGE: ALBANIA, ALGERIA, ANGUILLA, ANTIGUA AND BARBUDA, ARGENTINA, ARMENIA, ARUBA, AUSTRALIA, AUSTRIA, AZERBAIJAN, BANGLADESH, BARBADOS, BELGIUM, BERMUDA, BOSNIA HERZEGOVINA, BRAZIL, BRITISH VIRGIN ISLANDS, BRUNEI, BULGARIA, CAMAROES, CAMBODIA, CANADA , CAYMAN ISLANDS, CHILE, CHINA, COLOMBIA, COSTA RICA, IVORY COAST, CROATIA, CYPRUS, CZECH REPUBLIC, DEMOCRATIC REPUBLIC OF THE CONGO, DENMARK, DOMINICA, DOMINICAN REPUBLIC, EGYPT, EL SALVADOR, ESTONIA, FAROE ISLANDS, FINLAND, FRANCE, FRENCH GUIANA, GEORGIA, GERMANY, GHANA, GIBRALTAR, GREECE, GRENADA, GUADELOUPE, GUATEMALA, HAITI, HONDURAS, HONG KONG, HUNGARY, ICELAND, INDIA, INDONESIA, IRAN, IRELAND, ISRAEL, ITALY, JAMAICA, JAPAN, JORDAN, KAZAKHSTAN, KENYA, LAOS, LATVIA, LIBERIA, LIECHTENSTEIN, LITHUANIA, LUXEMBOURG, MACAO, MADAGASCAR, MALAYSIA, MALI, MALTA, MARTINIQUE, MAURITIUS, MEXICO, MOLDOVA, MONGOLIA, MONTENEGRO, MOROCCO, MOZAMBIQUE, MIANMAR, NETHERLANDS, NEW ZEALAND, PANAMA, PARAGUAY, PERU, PHILIPPINES, POLAND, PORTUGAL, ROMANIA, RUSSIA, RUANDA, SAUDI ARABIA, SERBIA, SEYCHELLES, SINGAPORE, SLOVAKIA, SLOVENIA, SOUTH AFRICA, SOUTH KOREA, SPAIN, SRI LANKA, SAINT KITTS AND NEVIS, SAINT LUCIA, SAINT VINCENT, SUDAN, SWAZILAND, SWEDEN, SWITZERLAND, TAIWAN, TANZANIA, THAILAND, TRINIDAD AND TOBAGO, TURKEY, TURKS AND CAICOS ISLANDS, UGANDA, UKRAINE, UNITED KINGDOM, URUGUAY, UNITED STATES, UZBEKISTAN, VIETNAM, YEMEN, ZAMBIA, UNITED STATES, UNITED STATES, UZBEKISTAN, VIETNAM,\u00a0YEMEN,\u00a0ZAMBIA.<\/p>","protected":false},"excerpt":{"rendered":"<p>Nuestra eSIM es la soluci\u00f3n definitiva para estar conectado en los cinco continentes con tarifa fija y datos ilimitados. Compra la cantidad de d\u00edas que necesites y dale la vuelta al mundo sin\u00a0preocupaciones. COBERTURA: ALBANIA, ARGELIA, ANGUILA, ANTIGUA Y BARBUDA, ARGENTINA, ARMENIA, ARUBA, AUSTRALIA, AUSTRIA, AZERBAIY\u00c1N, BANGLADESH, BARBADOS, B\u00c9LGICA, BERMUDAS, BOSNIA HERZEGOVINA, BRASIL, ISLAS V\u00cdRGENES&hellip; <br \/> <a class=\"read-more\" href=\"https:\/\/www.onetravelphone.com\/en\/product\/global-international-cobertura-en-de-190-paises-4g-5g-internet-watsapp-ilimitado\/\">Read more<\/a><\/p>","protected":false},"featured_media":4657,"comment_status":"closed","ping_status":"closed","template":"","meta":{"_joinchat":[],"jetpack_publicize_message":"","jetpack_publicize_feature_enabled":true,"jetpack_social_post_already_shared":false,"jetpack_social_options":{"image_generator_settings":{"template":"highway","enabled":false}}},"product_cat":[33],"product_tag":[],"jetpack_publicize_connections":[],"jetpack_sharing_enabled":true,"_links":{"self":[{"href":"https:\/\/www.onetravelphone.com\/en\/wp-json\/wp\/v2\/product\/4493"}],"collection":[{"href":"https:\/\/www.onetravelphone.com\/en\/wp-json\/wp\/v2\/product"}],"about":[{"href":"https:\/\/www.onetravelphone.com\/en\/wp-json\/wp\/v2\/types\/product"}],"replies":[{"embeddable":true,"href":"https:\/\/www.onetravelphone.com\/en\/wp-json\/wp\/v2\/comments?post=4493"}],"wp:featuredmedia":[{"embeddable":true,"href":"https:\/\/www.onetravelphone.com\/en\/wp-json\/wp\/v2\/media\/4657"}],"wp:attachment":[{"href":"https:\/\/www.onetravelphone.com\/en\/wp-json\/wp\/v2\/media?parent=4493"}],"wp:term":[{"taxonomy":"product_cat","embeddable":true,"href":"https:\/\/www.onetravelphone.com\/en\/wp-json\/wp\/v2\/product_cat?post=4493"},{"taxonomy":"product_tag","embeddable":true,"href":"https:\/\/www.onetravelphone.com\/en\/wp-json\/wp\/v2\/product_tag?post=4493"}],"curies":[{"name":"wp","href":"https:\/\/api.w.org\/{rel}","templated":true}]}}