{"id":846,"date":"2022-10-13T18:23:02","date_gmt":"2022-10-13T18:23:02","guid":{"rendered":"https:\/\/www.onetravelphone.com\/?page_id=846"},"modified":"2023-10-18T15:08:31","modified_gmt":"2023-10-18T13:08:31","slug":"sim-travel-usa","status":"publish","type":"page","link":"https:\/\/www.onetravelphone.com\/en\/sim-travel-usa\/","title":{"rendered":"SIM Travel USA"},"content":{"rendered":"<div  data-label=\"About\" data-id=\"about--1\" data-export-id=\"about-images-right-section-mc\" data-category=\"about\" class=\"about-images-right-section-mc content-section content-section-spacing\" id=\"about-1\" style=\"background-color: rgb(255, 255, 255);\"><div  class=\"gridContainer\"> <div  class=\"row middle-sm text-center\"><div  class=\"col-sm-5 content-left-sm\" data-type=\"column\">  <h2  class=\"\"><span  style=\"font-family: Muli, arial, helvetica, sans-serif;\">End-to-end coverage in USA<\/span><\/h2> <p  class=\"\"><span  style=\"font-family: Muli, arial, helvetica, sans-serif;\">Con cobertura Estados Unidos, Canad\u00e1 y M\u00e9xico, nuestra eSIM Travel USA te ofrece llamadas locales y datos m\u00f3viles ilimitados. Compra la cantidad de d\u00edas que necesites y disfruta de total conectividad en tu recorrida por Norteam\u00e9rica de punta a punta.<\/span><br >\n\n<\/p> <a class=\"button color1\" href=\"https:\/\/www.onetravelphone.com\/en\/product\/sim-travel-usa\/\" target=\"_self\" data-cp-link=\"1\" data-icon=\"\" rel=\"noopener\">Comprar<\/a><\/div> <div  class=\"col-sm-7 space-bottom-xs\"><div  class=\"image-group-side-3-img\"> <img  decoding=\"async\" class=\"topimg shadow-large\" src=\"https:\/\/www.onetravelphone.com\/wp-content\/uploads\/2022\/10\/cropped-statue-liberty-with-cloudy-beautiful-sky-2.jpg\" title=\"The Statue of Liberty with cloudy beautiful sky\" alt=\"\"> <img  decoding=\"async\" class=\"rightimg shadow-large\" src=\"https:\/\/www.onetravelphone.com\/wp-content\/uploads\/2022\/10\/cropped-high-angle-shot-city-buildings-new-york-manhattan-2.jpg\" title=\"High angle shot of city buildings in new york manhattan\" alt=\"\"> <div  class=\"leftimg\"> <img  decoding=\"async\" class=\"shadow-large\" src=\"https:\/\/www.onetravelphone.com\/wp-content\/uploads\/2023\/10\/cropped-cropped-TRAVEL-USA-e-Sim.jpg\" title=\"cropped-cropped-TRAVEL-USA-e-Sim.jpg\" alt=\"\"><\/div> <\/div><\/div> <\/div><\/div> <\/div><div  data-label=\"Cta\" data-id=\"cta--1\" data-export-id=\"cta-blue-section-mc\" data-category=\"cta\" class=\"cta-blue-section-mc content-section content-section-spacing white-text great_whale\" id=\"cta-1\"><div  class=\"gridContainer\"> <div  class=\"row middle-xs\"><div  class=\"col-sm-8 space-bottom-xs\" data-type=\"column\"> <h2  class=\"\"><span  style=\"font-family: Muli, arial, helvetica, sans-serif;\">Ask us about this product<\/span><\/h2> <\/div> <div  class=\"col-sm-4 end-sm\" data-type=\"column\"> <a class=\"button big color9 round\" href=\"https:\/\/api.whatsapp.com\/send?phone=%2B34658304779&amp;text=Hola%2C%20Me%20gustar%C3%ADa%20recibir%20m%C3%A1s%20informaci%C3%B3n%20sobra%20eSim%20USA\" target=\"_blank\" data-cp-link=\"1\" data-icon=\"fa-whatsapp\" rel=\"noopener\"><span class=\"button-icon fa fa-whatsapp\" ><\/span>WhatsApp<\/a><\/div> <\/div><\/div> <\/div>","protected":false},"excerpt":{"rendered":"<p>Cobertura en USA de punta a punta Con cobertura Estados Unidos, Canad\u00e1 y M\u00e9xico, nuestra eSIM Travel USA te ofrece llamadas locales y datos m\u00f3viles ilimitados. Compra la cantidad de d\u00edas que necesites y disfruta de total conectividad en tu recorrida por Norteam\u00e9rica de punta a punta. Comprar Cons\u00faltanos sobre este producto WhatsApp<\/p>","protected":false},"author":1,"featured_media":0,"parent":0,"menu_order":0,"comment_status":"closed","ping_status":"closed","template":"pro\/page-templates\/full-width-page.php","meta":{"_joinchat":[],"footnotes":""},"jetpack_sharing_enabled":true,"_links":{"self":[{"href":"https:\/\/www.onetravelphone.com\/en\/wp-json\/wp\/v2\/pages\/846"}],"collection":[{"href":"https:\/\/www.onetravelphone.com\/en\/wp-json\/wp\/v2\/pages"}],"about":[{"href":"https:\/\/www.onetravelphone.com\/en\/wp-json\/wp\/v2\/types\/page"}],"author":[{"embeddable":true,"href":"https:\/\/www.onetravelphone.com\/en\/wp-json\/wp\/v2\/users\/1"}],"replies":[{"embeddable":true,"href":"https:\/\/www.onetravelphone.com\/en\/wp-json\/wp\/v2\/comments?post=846"}],"version-history":[{"count":15,"href":"https:\/\/www.onetravelphone.com\/en\/wp-json\/wp\/v2\/pages\/846\/revisions"}],"predecessor-version":[{"id":4647,"href":"https:\/\/www.onetravelphone.com\/en\/wp-json\/wp\/v2\/pages\/846\/revisions\/4647"}],"wp:attachment":[{"href":"https:\/\/www.onetravelphone.com\/en\/wp-json\/wp\/v2\/media?parent=846"}],"curies":[{"name":"wp","href":"https:\/\/api.w.org\/{rel}","templated":true}]}}