{"id":764,"date":"2022-10-13T16:34:07","date_gmt":"2022-10-13T16:34:07","guid":{"rendered":"https:\/\/www.onetravelphone.com\/?page_id=764"},"modified":"2023-10-18T15:09:46","modified_gmt":"2023-10-18T13:09:46","slug":"sim-travel-ue","status":"publish","type":"page","link":"https:\/\/www.onetravelphone.com\/en\/sim-travel-ue\/","title":{"rendered":"SIM Travel UE"},"content":{"rendered":"<div  class=\"wp-block-jetpack-send-a-message\"><\/div><div  data-label=\"About\" data-id=\"about--2\" data-export-id=\"about-images-right-section-mc\" data-category=\"about\" class=\"about-images-right-section-mc content-section content-section-spacing\" id=\"about-2\" style=\"background-color: rgb(255, 255, 255); background-image: none;\"><div  class=\"gridContainer\"> <div  class=\"row middle-sm text-center\"><div  class=\"col-sm-5 content-left-sm\" data-type=\"column\">  <h2  class=\"\"><span  style=\"font-family: Muli, arial, helvetica, sans-serif;\">End-to-end coverage in Europe<\/span><\/h2> <p  class=\"\">Con cobertura en todos los pa\u00edses de la comunidad europea, nuestra eSIM Travel UE te ofrece llamadas locales y datos m\u00f3viles ilimitados. Compra la cantidad de d\u00edas que necesites y disfruta de total conectividad en tu recorrida por Europa de punta a punta.\n<\/p> <a class=\"button color1\" href=\"https:\/\/www.onetravelphone.com\/en\/product\/sim-travel-ue\/\" target=\"_self\" data-cp-link=\"1\" data-icon=\"\" rel=\"noopener\">Comprar<\/a><\/div> <div  class=\"col-sm-7 space-bottom-xs\"><div  class=\"image-group-side-3-img\"> <img  decoding=\"async\" class=\"topimg shadow-large\" src=\"https:\/\/www.onetravelphone.com\/wp-content\/uploads\/2022\/10\/cropped-roman-coliseum.jpg\" title=\"Roman Coliseum\" alt=\"\"> <img  decoding=\"async\" class=\"rightimg shadow-large\" src=\"https:\/\/www.onetravelphone.com\/wp-content\/uploads\/2022\/10\/cropped-2eiffel-tower-paris-surrounded-by-water-with-ships-colorful-sky_resize.jpg\" title=\"Beautiful wide shot of Eiffel Tower in Paris surrounded by water with ships under the colorful sky\" alt=\"\"> <div  class=\"leftimg\"> <img  decoding=\"async\" class=\"shadow-large\" src=\"https:\/\/www.onetravelphone.com\/wp-content\/uploads\/2023\/10\/cropped-cropped-eSim-TRAVEL-EU-C-FONDO-1.png\" title=\"cropped-cropped-eSim-TRAVEL-EU-C-FONDO-1.png\" alt=\"\"><\/div> <\/div><\/div> <\/div><\/div> <\/div><div  data-label=\"Cta\" data-id=\"cta--1\" data-export-id=\"cta-blue-section-mc\" data-category=\"cta\" class=\"cta-blue-section-mc content-section content-section-spacing white-text great_whale\" id=\"cta-1\"><div  class=\"gridContainer\"> <div  class=\"row middle-xs\"><div  class=\"col-sm-8 space-bottom-xs\" data-type=\"column\"> <h2  class=\"\">Ask us about this product<\/h2> <\/div> <div  class=\"col-sm-4 end-sm\" data-type=\"column\"> <a class=\"button big color9 round\" href=\"https:\/\/api.whatsapp.com\/send?phone=%2B34658304779&amp;text=Hola%2C%20Me%20gustar%C3%ADa%20recibir%20m%C3%A1s%20informaci%C3%B3n%20sobra%20eSim%20UE\" target=\"_blank\" data-cp-link=\"1\" data-icon=\"fa-whatsapp\" rel=\"noopener\"><span class=\"button-icon fa fa-whatsapp\" ><\/span>WhatsApp<\/a><\/div> <\/div><\/div> <\/div>","protected":false},"excerpt":{"rendered":"<p>Cobertura en Europa de punta a punta Con cobertura en todos los pa\u00edses de la comunidad europea, nuestra eSIM Travel UE te ofrece llamadas locales y datos m\u00f3viles ilimitados. Compra la cantidad de d\u00edas que necesites y disfruta de total conectividad en tu recorrida por Europa de punta a punta. Comprar Cons\u00faltanos sobre este producto&hellip; <br \/> <a class=\"read-more\" href=\"https:\/\/www.onetravelphone.com\/en\/sim-travel-ue\/\">Read more<\/a><\/p>","protected":false},"author":1,"featured_media":0,"parent":0,"menu_order":0,"comment_status":"closed","ping_status":"closed","template":"","meta":{"_joinchat":[],"footnotes":""},"jetpack_sharing_enabled":true,"_links":{"self":[{"href":"https:\/\/www.onetravelphone.com\/en\/wp-json\/wp\/v2\/pages\/764"}],"collection":[{"href":"https:\/\/www.onetravelphone.com\/en\/wp-json\/wp\/v2\/pages"}],"about":[{"href":"https:\/\/www.onetravelphone.com\/en\/wp-json\/wp\/v2\/types\/page"}],"author":[{"embeddable":true,"href":"https:\/\/www.onetravelphone.com\/en\/wp-json\/wp\/v2\/users\/1"}],"replies":[{"embeddable":true,"href":"https:\/\/www.onetravelphone.com\/en\/wp-json\/wp\/v2\/comments?post=764"}],"version-history":[{"count":26,"href":"https:\/\/www.onetravelphone.com\/en\/wp-json\/wp\/v2\/pages\/764\/revisions"}],"predecessor-version":[{"id":4649,"href":"https:\/\/www.onetravelphone.com\/en\/wp-json\/wp\/v2\/pages\/764\/revisions\/4649"}],"wp:attachment":[{"href":"https:\/\/www.onetravelphone.com\/en\/wp-json\/wp\/v2\/media?parent=764"}],"curies":[{"name":"wp","href":"https:\/\/api.w.org\/{rel}","templated":true}]}}