{"id":1064,"date":"2022-10-17T10:46:06","date_gmt":"2022-10-17T10:46:06","guid":{"rendered":"https:\/\/www.onetravelphone.com\/?page_id=1064"},"modified":"2023-10-11T18:30:09","modified_gmt":"2023-10-11T16:30:09","slug":"dispositivos-compatibles-con-esim-2","status":"publish","type":"page","link":"https:\/\/www.onetravelphone.com\/en\/dispositivos-compatibles-con-esim-2\/","title":{"rendered":"eSIM compatible devices"},"content":{"rendered":"<div  data-label=\"Pricing\" data-id=\"pricing--1\" data-export-id=\"pricing-1\" data-category=\"pricing\" data-featured-class=\"pricing-featured\" class=\"pricing-1 content-section content-section-spacing\" id=\"pricing-1\" style=\"background-color: rgb(245, 250, 253);\"><div  class=\"gridContainer\"> <div  class=\"row\"><div  data-type=\"column\" class=\"section-title-col\"> <h2  class=\"text-center\">If you find your device in the following list,<br >\nyou can start enjoying the journey\u00a0with\u00a0our\u00a0eSIM:<\/h2> <\/div> <\/div> <div  data-type=\"row\" class=\"row spaced-cols\"> <div  class=\"col-xs-12 col-sm-6 col-md-3 text-center\"> <div  class=\"card shadow-small rounded\" data-default=\"shadow-small\" data-featured=\"shadow-large\" data-type=\"column\"> <h3  class=\"font-300 upper\">APPLE<\/h3>   <ul  data-default=\"no-class\" data-featured=\"strong\" class=\"unstyled checked decoration-color1 black text-center\"><li >iPhone XR (modelo A2105, de 2018)<\/li><li >iPhone XS (modelo A2097, de 2018)<\/li><li >iPhone XS Max (modelo A2101, de 2018)<\/li><li >iPhone 11  (modelo A2221, de 2019)<\/li><li >iPhone 11 Pro  (modelo A2215, de 2019)<\/li><li >iPhone 11 Pro Max<\/li><li >iPhone SE 2 (2020)<\/li><li >iPhone 12 Mini<\/li><li >iPhone 12<\/li><li >iPhone 12 Pro<\/li><li >iPhone 12 Pro Max<\/li><li >iPhone 13<\/li><li >iPhone 13 Mini<\/li><li >iPhone 13 Pro<\/li><li >iPhone 13 Pro Max<\/li><li >iPhone SE 3 (2022)<\/li><li >iPhone 14<\/li><li >iPhone 14 Plus<\/li><li >iPhone 14 Pro<\/li><li >iPhone 14 Pro Max<\/li><\/ul> <\/div> <\/div> <div  class=\"col-xs-12 col-sm-6 col-md-3 text-center\"> <div  class=\"card rounded shadow-small\" data-default=\"shadow-small\" data-featured=\"shadow-large\" data-type=\"column\"> <h3  class=\"font-300 upper\">GOOGLE<\/h3>   <ul  data-default=\"no-class\" data-featured=\"strong\" class=\"unstyled checked decoration-color1 black text-center\"><li >Pixel 2 Google Pixel 2 (no es dual SIM y \u00fanicamente se consigue con el servicio de Google Fi).<\/li><li > Pixel 2 XL<\/li><li > Pixel 3 XL<\/li><li > Pixel 3a XL<\/li><li > Pixel 4<\/li><li > Pixel 4a<\/li><li > Pixel 4 XL<\/li><li > Pixel 5<\/li><li > Pixel 5a<\/li><li > Pixel 6<\/li><li >Google Pixel 6a<\/li><li > Pixel 6 Pro<\/li><li > Pixel 7<\/li><li > Pixel 7 Pro<\/li><li >Google Pixel Fold<\/li><li >Google Pixel 3 (SIN incluir tel\u00e9fonos comprados en Australia, Taiw\u00e1n o Jap\u00f3n. Los tel\u00e9fonos comprados con operadores estadounidenses o canadienses que no sean Spring y Google Fi no funcionan con eSIM)<\/li><li >Google Pixel 3a (sin incluir tel\u00e9fonos comprados en Jap\u00f3n o con el servicio de Verizon)<\/li><\/ul> <\/div> <\/div> <div  class=\"col-xs-12 col-sm-6 col-md-3 text-center\"> <div  class=\"card shadow-small rounded\" data-default=\"shadow-small\" data-featured=\"shadow-large\" data-type=\"column\"> <h3  class=\"font-300 upper\">SAMSUNG<\/h3>   <ul  data-default=\"no-class\" data-featured=\"strong\" class=\"unstyled checked decoration-color1 black text-center\"><li >Galaxy Z Flip<\/li><li > Galaxy Z Flip 3 5G<\/li><li > Galaxy Z Flip4<\/li><li > Galaxy Fold<\/li><li > Galaxy Z Fold2 5G<\/li><li > Galaxy Z Fold3 5G<\/li><li > Galaxy Z Fold4<\/li><li > Galaxy S20<\/li><li >Samsung Galaxy S20+<\/li><li > Galaxy S21<\/li><li > Galaxy S21+ 5G<\/li><li > Galaxy S21 Ultra 5G<\/li><li > Galaxy S22<\/li><li > Galaxy S22+<\/li><li > Galaxy S22 Ultra<\/li><li > Galaxy Note 20 Ultra 5G<\/li><li > Galaxy Note 20<\/li><li >Samsung Galaxy A34 5G<\/li><li >Samsung Galaxy A54<\/li><li >Galaxy Z Flip<\/li><li >Samsung Galaxy S20 Ultra<\/li><li >Samsung Galaxy S23<\/li><li >Samsung Galaxy S23+<\/li><li >Samsung Galaxy S23 Ultra<\/li><\/ul> <\/div> <\/div> <div  class=\"col-xs-12 col-sm-6 col-md-3 text-center\"> <div  class=\"card rounded shadow-small\" data-default=\"shadow-small\" data-featured=\"shadow-large\" data-type=\"column\"> <h3  class=\"font-300 upper\">OPPO<\/h3>   <ul  data-default=\"no-class\" data-featured=\"strong\" class=\"unstyled checked decoration-color1 black text-center\"><li >Find X3 Pro<\/li><li > Reno 5 A<\/li><li > Find X5<\/li><li > Find X5 Pro<\/li><li > Reno6 Pro 5G<\/li><li > A55s 5G<\/li><\/ul> <\/div> <\/div><div  class=\"col-xs-12 col-sm-6 col-md-3 text-center\"> <div  class=\"card shadow-small rounded\" data-default=\"shadow-small\" data-featured=\"shadow-large\" data-type=\"column\"> <h3  class=\"font-300 upper\">OTROS<\/h3>   <ul  data-default=\"no-class\" data-featured=\"strong\" class=\"unstyled checked decoration-color1 black text-center\"><li >MOTOROLA Razr 2019<\/li><li >MOTOROLA  Razr 5G<\/li><li >HONOR Magic 4 Pro <\/li><li >XIAOMI 12T Pro <\/li><li >NU MOBILE X5<\/li><li >SHARP Aquos Sense6s <\/li><li >SHARP Aquos Wish<\/li><li >Gemini PDA<\/li><li >Honor Magic5 Pro<\/li><li >DOOGEE V30<\/li><li >Fairphone 4<\/li><li >Nokia XR21<\/li><li >Nokia X30<\/li><li >HAMMER Explorer PRO<\/li><li >HAMMER Blade 3<\/li><li >HAMMER Blade 5G<\/li><li >myPhone NOW eSIM<\/li><\/ul> <\/div> <\/div><div  class=\"col-xs-12 col-sm-6 col-md-3 text-center\"> <div  class=\"card shadow-small rounded\" data-default=\"shadow-small\" data-featured=\"shadow-large\" data-type=\"column\"> <h3  class=\"font-300 upper\">RAKUTEN MOBILE<\/h3>   <ul  data-default=\"no-class\" data-featured=\"strong\" class=\"unstyled checked decoration-color1 black text-center\"><li >Rakuten Mini<\/li><li > Big-S<\/li><li > Big<\/li><li > Hand<\/li><li > Hand 5G<\/li><\/ul> <\/div> <\/div><div  class=\"col-xs-12 col-sm-6 col-md-3 text-center\"> <div  class=\"card shadow-small rounded\" data-default=\"shadow-small\" data-featured=\"shadow-large\" data-type=\"column\"> <h3  class=\"font-300 upper\">HUAWEI<\/h3>   <ul  data-default=\"no-class\" data-featured=\"strong\" class=\"unstyled checked decoration-color1 black text-center\"><li >P40<\/li><li > P40 Pro<\/li><li > Mate 40 Pro<\/li><\/ul> <\/div> <\/div><div  class=\"col-xs-12 col-sm-6 col-md-3 text-center\"> <div  class=\"card shadow-small rounded\" data-default=\"shadow-small\" data-featured=\"shadow-large\" data-type=\"column\"> <h3  class=\"font-300 upper\">SONY<\/h3>   <ul  data-default=\"no-class\" data-featured=\"strong\" class=\"unstyled checked decoration-color1 black text-center\"><li >Xperia 10 III Lite<\/li><li > Xperia 10 IV<\/li><li >Sony Xperia 1 IV<\/li><li >Sony Xperia 5 IV<\/li><li >Sony Xperia 1 V<\/li><\/ul> <\/div> <\/div><\/div> <\/div><\/div>","protected":false},"excerpt":{"rendered":"<p>Si encuentras tu dispositivo en la siguiente lista, ya puedes comenzar a disfrutar del viaje con nuestra eSIM: APPLE iPhone XR (modelo A2105, de 2018)iPhone XS (modelo A2097, de 2018)iPhone XS Max (modelo A2101, de 2018)iPhone 11 (modelo A2221, de 2019)iPhone 11 Pro (modelo A2215, de 2019)iPhone 11 Pro MaxiPhone SE 2 (2020)iPhone 12 MiniiPhone&hellip; <br \/> <a class=\"read-more\" href=\"https:\/\/www.onetravelphone.com\/en\/dispositivos-compatibles-con-esim-2\/\">Read more<\/a><\/p>","protected":false},"author":1,"featured_media":0,"parent":0,"menu_order":0,"comment_status":"closed","ping_status":"closed","template":"pro\/page-templates\/full-width-page.php","meta":{"_joinchat":[],"footnotes":""},"jetpack_sharing_enabled":true,"_links":{"self":[{"href":"https:\/\/www.onetravelphone.com\/en\/wp-json\/wp\/v2\/pages\/1064"}],"collection":[{"href":"https:\/\/www.onetravelphone.com\/en\/wp-json\/wp\/v2\/pages"}],"about":[{"href":"https:\/\/www.onetravelphone.com\/en\/wp-json\/wp\/v2\/types\/page"}],"author":[{"embeddable":true,"href":"https:\/\/www.onetravelphone.com\/en\/wp-json\/wp\/v2\/users\/1"}],"replies":[{"embeddable":true,"href":"https:\/\/www.onetravelphone.com\/en\/wp-json\/wp\/v2\/comments?post=1064"}],"version-history":[{"count":17,"href":"https:\/\/www.onetravelphone.com\/en\/wp-json\/wp\/v2\/pages\/1064\/revisions"}],"predecessor-version":[{"id":4611,"href":"https:\/\/www.onetravelphone.com\/en\/wp-json\/wp\/v2\/pages\/1064\/revisions\/4611"}],"wp:attachment":[{"href":"https:\/\/www.onetravelphone.com\/en\/wp-json\/wp\/v2\/media?parent=1064"}],"curies":[{"name":"wp","href":"https:\/\/api.w.org\/{rel}","templated":true}]}}